{"id":82,"date":"2020-02-19T10:12:27","date_gmt":"2020-02-19T13:12:27","guid":{"rendered":"http:\/\/asjasc.com.br\/portal\/?page_id=82"},"modified":"2020-02-19T10:12:27","modified_gmt":"2020-02-19T13:12:27","slug":"diretoria","status":"publish","type":"page","link":"http:\/\/asjasc.com.br\/portal\/diretoria\/","title":{"rendered":"Diretoria"},"content":{"rendered":"\n<p>Neri Ant\u00f4nio Dem\u00e9trio<br>Presidente<br>48 99971-4519<br>neri@asjasc.com.br<\/p>\n\n\n\n<p>Maril\u00facia Silva da Costa<br>Vice-Presidente<\/p>\n\n\n\n<p>Marlene da Costa Reinert<br>1\u00b0 Secret\u00e1rio<\/p>\n\n\n\n<p>Dorival Jos\u00e9 Depin\u00e9<br>2\u00b0 Secret\u00e1rio<\/p>\n\n\n\n<p>Alessandro Chies<br>1\u00b0 Tesoureiro<\/p>\n\n\n\n<p>Nazareno Jord\u00e3o Pereira<br>2\u00b0 Tesoureiro<\/p>\n\n\n\n<p>Altair Jos\u00e9 Rosa<br>Conselheiro Fiscal<\/p>\n","protected":false},"excerpt":{"rendered":"<p>Neri Ant\u00f4nio Dem\u00e9trioPresidente48 99971-4519neri@asjasc.com.br Maril\u00facia Silva da CostaVice-Presidente Marlene da Costa Reinert1\u00b0 Secret\u00e1rio Dorival Jos\u00e9 Depin\u00e92\u00b0 Secret\u00e1rio Alessandro Chies1\u00b0 Tesoureiro Nazareno Jord\u00e3o Pereira2\u00b0 Tesoureiro Altair Jos\u00e9 RosaConselheiro Fiscal<\/p>\n","protected":false},"author":1,"featured_media":0,"parent":0,"menu_order":0,"comment_status":"closed","ping_status":"closed","template":"","meta":[],"_links":{"self":[{"href":"http:\/\/asjasc.com.br\/portal\/wp-json\/wp\/v2\/pages\/82"}],"collection":[{"href":"http:\/\/asjasc.com.br\/portal\/wp-json\/wp\/v2\/pages"}],"about":[{"href":"http:\/\/asjasc.com.br\/portal\/wp-json\/wp\/v2\/types\/page"}],"author":[{"embeddable":true,"href":"http:\/\/asjasc.com.br\/portal\/wp-json\/wp\/v2\/users\/1"}],"replies":[{"embeddable":true,"href":"http:\/\/asjasc.com.br\/portal\/wp-json\/wp\/v2\/comments?post=82"}],"version-history":[{"count":1,"href":"http:\/\/asjasc.com.br\/portal\/wp-json\/wp\/v2\/pages\/82\/revisions"}],"predecessor-version":[{"id":83,"href":"http:\/\/asjasc.com.br\/portal\/wp-json\/wp\/v2\/pages\/82\/revisions\/83"}],"wp:attachment":[{"href":"http:\/\/asjasc.com.br\/portal\/wp-json\/wp\/v2\/media?parent=82"}],"curies":[{"name":"wp","href":"https:\/\/api.w.org\/{rel}","templated":true}]}}