{"id":78,"date":"2020-02-19T10:06:23","date_gmt":"2020-02-19T13:06:23","guid":{"rendered":"http:\/\/asjasc.com.br\/portal\/?page_id=78"},"modified":"2020-02-19T10:06:58","modified_gmt":"2020-02-19T13:06:58","slug":"sobre","status":"publish","type":"page","link":"http:\/\/asjasc.com.br\/portal\/sobre\/","title":{"rendered":"Sobre"},"content":{"rendered":"\n<p>A Associa\u00e7\u00e3o dos Serventu\u00e1rios da Justi\u00e7a Extrajudiaciais Aposentados de Santa Catarina &#8211; ASJASC, \u00e9 uma associa\u00e7\u00e3o de categoria de Servidores Extrajudiciais, fundada em 22 de agosto de 1993 que tem por finalidade defender os interesses de seus afiliados e da categoria que a congrega.<\/p>\n\n\n\n<p>Diretoria<\/p>\n","protected":false},"excerpt":{"rendered":"<p>A Associa\u00e7\u00e3o dos Serventu\u00e1rios da Justi\u00e7a Extrajudiaciais Aposentados de Santa Catarina &#8211; ASJASC, \u00e9 uma associa\u00e7\u00e3o de categoria de Servidores Extrajudiciais, fundada em 22 de agosto de 1993 que tem por finalidade defender os interesses de seus afiliados e da categoria que a congrega. Diretoria<\/p>\n","protected":false},"author":1,"featured_media":0,"parent":0,"menu_order":0,"comment_status":"closed","ping_status":"closed","template":"","meta":[],"_links":{"self":[{"href":"http:\/\/asjasc.com.br\/portal\/wp-json\/wp\/v2\/pages\/78"}],"collection":[{"href":"http:\/\/asjasc.com.br\/portal\/wp-json\/wp\/v2\/pages"}],"about":[{"href":"http:\/\/asjasc.com.br\/portal\/wp-json\/wp\/v2\/types\/page"}],"author":[{"embeddable":true,"href":"http:\/\/asjasc.com.br\/portal\/wp-json\/wp\/v2\/users\/1"}],"replies":[{"embeddable":true,"href":"http:\/\/asjasc.com.br\/portal\/wp-json\/wp\/v2\/comments?post=78"}],"version-history":[{"count":3,"href":"http:\/\/asjasc.com.br\/portal\/wp-json\/wp\/v2\/pages\/78\/revisions"}],"predecessor-version":[{"id":81,"href":"http:\/\/asjasc.com.br\/portal\/wp-json\/wp\/v2\/pages\/78\/revisions\/81"}],"wp:attachment":[{"href":"http:\/\/asjasc.com.br\/portal\/wp-json\/wp\/v2\/media?parent=78"}],"curies":[{"name":"wp","href":"https:\/\/api.w.org\/{rel}","templated":true}]}}